{"id":34,"date":"2025-01-04T09:33:00","date_gmt":"2025-01-04T08:33:00","guid":{"rendered":"http:\/\/gregoryayme.fr\/?page_id=34"},"modified":"2025-10-15T17:20:16","modified_gmt":"2025-10-15T15:20:16","slug":"techniques-de-peche","status":"publish","type":"page","link":"https:\/\/gregoryayme.fr\/?page_id=34","title":{"rendered":"Techniques de p\u00eache"},"content":{"rendered":"\n<p><\/p>\n\n\n<style>.kb-row-layout-id34_e80f1b-85 > .kt-row-column-wrap{align-content:start;}:where(.kb-row-layout-id34_e80f1b-85 > .kt-row-column-wrap) > .wp-block-kadence-column{justify-content:start;}.kb-row-layout-id34_e80f1b-85 > .kt-row-column-wrap{column-gap:var(--global-kb-gap-md, 2rem);row-gap:var(--global-kb-gap-md, 2rem);max-width:var( --global-content-width, 1290px );padding-left:var(--global-content-edge-padding);padding-right:var(--global-content-edge-padding);padding-top:var(--global-kb-spacing-lg, 3rem);padding-right:0px;padding-bottom:var(--global-kb-spacing-lg, 3rem);padding-left:0px;grid-template-columns:minmax(0, 1fr);}.kb-row-layout-id34_e80f1b-85{background-color:rgba(247,250,252,0.71);}.kb-row-layout-id34_e80f1b-85 > .kt-row-layout-overlay{opacity:0.30;}@media all and (max-width: 1024px){.kb-row-layout-id34_e80f1b-85 > .kt-row-column-wrap{grid-template-columns:minmax(0, 1fr);}}@media all and (max-width: 767px){.kb-row-layout-id34_e80f1b-85 > .kt-row-column-wrap{grid-template-columns:minmax(0, 1fr);}}<\/style><div class=\"kb-row-layout-wrap kb-row-layout-id34_e80f1b-85 alignnone kt-row-has-bg wp-block-kadence-rowlayout\"><div class=\"kt-row-column-wrap kt-has-2-columns kt-row-layout-row kt-tab-layout-inherit kt-mobile-layout-row kt-row-valign-top kb-theme-content-width\">\n<style>.kadence-column34_cb5c7b-34 > .kt-inside-inner-col{display:flex;}.kadence-column34_cb5c7b-34 > .kt-inside-inner-col,.kadence-column34_cb5c7b-34 > .kt-inside-inner-col:before{border-top-left-radius:0px;border-top-right-radius:0px;border-bottom-right-radius:0px;border-bottom-left-radius:0px;}.kadence-column34_cb5c7b-34 > .kt-inside-inner-col{column-gap:var(--global-kb-gap-sm, 1rem);}.kadence-column34_cb5c7b-34 > .kt-inside-inner-col{flex-direction:column;justify-content:flex-end;}.kadence-column34_cb5c7b-34 > .kt-inside-inner-col > .aligncenter{width:100%;}.kt-row-column-wrap > .kadence-column34_cb5c7b-34{align-self:flex-end;}.kt-inner-column-height-full:not(.kt-has-1-columns) > .wp-block-kadence-column.kadence-column34_cb5c7b-34{align-self:auto;}.kt-inner-column-height-full:not(.kt-has-1-columns) > .wp-block-kadence-column.kadence-column34_cb5c7b-34 > .kt-inside-inner-col{flex-direction:column;justify-content:flex-end;}.kadence-column34_cb5c7b-34 > .kt-inside-inner-col:before{opacity:0.3;}.kadence-column34_cb5c7b-34{position:relative;}@media all and (max-width: 1024px){.kt-row-column-wrap > .kadence-column34_cb5c7b-34{align-self:flex-end;}}@media all and (max-width: 1024px){.kt-inner-column-height-full:not(.kt-has-1-columns) > .wp-block-kadence-column.kadence-column34_cb5c7b-34{align-self:auto;}}@media all and (max-width: 1024px){.kt-inner-column-height-full:not(.kt-has-1-columns) > .wp-block-kadence-column.kadence-column34_cb5c7b-34 > .kt-inside-inner-col{flex-direction:column;justify-content:flex-end;}}@media all and (max-width: 1024px){.kadence-column34_cb5c7b-34 > .kt-inside-inner-col{flex-direction:column;justify-content:flex-end;}}@media all and (max-width: 767px){.kt-row-column-wrap > .kadence-column34_cb5c7b-34{align-self:flex-end;}.kt-inner-column-height-full:not(.kt-has-1-columns) > .wp-block-kadence-column.kadence-column34_cb5c7b-34{align-self:auto;}.kt-inner-column-height-full:not(.kt-has-1-columns) > .wp-block-kadence-column.kadence-column34_cb5c7b-34 > .kt-inside-inner-col{flex-direction:column;justify-content:flex-end;}.kadence-column34_cb5c7b-34 > .kt-inside-inner-col{flex-direction:column;justify-content:flex-end;}}<\/style>\n<div class=\"wp-block-kadence-column kadence-column34_cb5c7b-34\"><div class=\"kt-inside-inner-col\"><style>.wp-block-kadence-advancedheading.kt-adv-heading34_a1b929-f4, .wp-block-kadence-advancedheading.kt-adv-heading34_a1b929-f4[data-kb-block=\"kb-adv-heading34_a1b929-f4\"]{text-align:center;font-size:40px;line-height:1.2em;font-style:normal;text-transform:uppercase;}.wp-block-kadence-advancedheading.kt-adv-heading34_a1b929-f4 mark.kt-highlight, .wp-block-kadence-advancedheading.kt-adv-heading34_a1b929-f4[data-kb-block=\"kb-adv-heading34_a1b929-f4\"] mark.kt-highlight{font-style:normal;color:#f76a0c;-webkit-box-decoration-break:clone;box-decoration-break:clone;padding-top:0px;padding-right:0px;padding-bottom:0px;padding-left:0px;}.wp-block-kadence-advancedheading.kt-adv-heading34_a1b929-f4 img.kb-inline-image, .wp-block-kadence-advancedheading.kt-adv-heading34_a1b929-f4[data-kb-block=\"kb-adv-heading34_a1b929-f4\"] img.kb-inline-image{width:150px;vertical-align:baseline;}<\/style>\n<h2 class=\"kt-adv-heading34_a1b929-f4 wp-block-kadence-advancedheading has-theme-palette-5-color has-text-color\" data-kb-block=\"kb-adv-heading34_a1b929-f4\">P\u00eache DEs CARNASSIERS<\/h2>\n\n\n<style>.wp-block-kadence-advancedheading.kt-adv-heading34_b2dd64-2b, .wp-block-kadence-advancedheading.kt-adv-heading34_b2dd64-2b[data-kb-block=\"kb-adv-heading34_b2dd64-2b\"]{text-align:center;font-size:20px;line-height:1em;font-weight:300;font-style:normal;text-transform:uppercase;}.wp-block-kadence-advancedheading.kt-adv-heading34_b2dd64-2b mark.kt-highlight, .wp-block-kadence-advancedheading.kt-adv-heading34_b2dd64-2b[data-kb-block=\"kb-adv-heading34_b2dd64-2b\"] mark.kt-highlight{font-style:normal;color:#f76a0c;-webkit-box-decoration-break:clone;box-decoration-break:clone;padding-top:0px;padding-right:0px;padding-bottom:0px;padding-left:0px;}.wp-block-kadence-advancedheading.kt-adv-heading34_b2dd64-2b img.kb-inline-image, .wp-block-kadence-advancedheading.kt-adv-heading34_b2dd64-2b[data-kb-block=\"kb-adv-heading34_b2dd64-2b\"] img.kb-inline-image{width:150px;vertical-align:baseline;}<\/style>\n<p class=\"kt-adv-heading34_b2dd64-2b wp-block-kadence-advancedheading has-theme-palette-4-color has-text-color\" data-kb-block=\"kb-adv-heading34_b2dd64-2b\">venez d\u00e9couvrir, des techniques D&#8217;approche vari\u00e9es du carnassier. specialis\u00e9 dans le p\u00eache au leurre du bord et en bateau vous d\u00e9couvrirez comment aborder les diff\u00e9rentes esp\u00e8ces de carnassiers (sandres, perches, brochets, silures)<\/p>\n<\/div><\/div>\n\n\n<style>.kadence-column34_52e9a8-63 > .kt-inside-inner-col,.kadence-column34_52e9a8-63 > .kt-inside-inner-col:before{border-top-left-radius:0px;border-top-right-radius:0px;border-bottom-right-radius:0px;border-bottom-left-radius:0px;}.kadence-column34_52e9a8-63 > .kt-inside-inner-col{column-gap:var(--global-kb-gap-sm, 1rem);}.kadence-column34_52e9a8-63 > .kt-inside-inner-col{flex-direction:column;}.kadence-column34_52e9a8-63 > .kt-inside-inner-col > .aligncenter{width:100%;}.kadence-column34_52e9a8-63 > .kt-inside-inner-col:before{opacity:0.3;}.kadence-column34_52e9a8-63{position:relative;}@media all and (max-width: 1024px){.kadence-column34_52e9a8-63 > .kt-inside-inner-col{flex-direction:column;justify-content:center;}}@media all and (max-width: 767px){.kadence-column34_52e9a8-63 > .kt-inside-inner-col{flex-direction:column;justify-content:center;}}<\/style>\n<div class=\"wp-block-kadence-column kadence-column34_52e9a8-63\"><div class=\"kt-inside-inner-col\"><style>.kb-gallery-id-34_2b57b8-29.kb-gallery-ul.kb-gallery-type-fluidcarousel .kt-blocks-carousel figure .kb-gal-image-radius, .kb-gallery-id-34_2b57b8-29.kb-gallery-ul.kb-gallery-type-fluidcarousel .kt-blocks-carousel figure .kb-gal-image-radius img{height:300px;}.kb-gallery-id-34_2b57b8-29 .kadence-blocks-gallery-item .kb-gal-image-radius, .kb-gallery-id-34_2b57b8-29 .kb-slide-item .kb-gal-image-radius img{border-radius:0px 0px 0px 0px;;}.kb-gallery-wrap-id-34_2b57b8-29.wp-block-kadence-advancedgallery{overflow:visible;}.kb-gallery-wrap-id-34_2b57b8-29.wp-block-kadence-advancedgallery .kt-blocks-carousel{overflow:visible;max-width:100%;}<\/style><div class=\"kb-gallery-wrap-id-34_2b57b8-29 alignnone wp-block-kadence-advancedgallery\"><div class=\"kb-gallery-ul kb-gallery-non-static kb-gallery-type-fluidcarousel kb-gallery-id-34_2b57b8-29 kb-gallery-caption-style-bottom-hover kb-gallery-filter-grayscale\" data-image-filter=\"grayscale\" data-lightbox-caption=\"true\"><div class=\"kt-blocks-carousel splide kt-carousel-container-dotstyle-dark kt-carousel-arrowstyle-whiteondark kt-carousel-dotstyle-dark kb-slider-group-arrow kb-slider-arrow-position-center\" data-slider-anim-speed=\"400\" data-slider-scroll=\"1\" data-slider-arrows=\"true\" data-slider-dots=\"true\" data-slider-hover-pause=\"false\" data-slider-auto=\"\" data-slider-speed=\"7000\" data-slider-type=\"fluidcarousel\" data-slider-center-mode=\"true\" data-slider-gap=\"10px\" data-slider-gap-tablet=\"10px\" data-slider-gap-mobile=\"10px\" data-show-pause-button=\"false\"><div class=\"splide__track\"><ul class=\"kt-blocks-carousel-init kb-blocks-fluid-carousel splide__list\"><li class=\"kb-slide-item kb-gallery-carousel-item splide__slide\"><div class=\"kadence-blocks-gallery-item\"><div class=\"kadence-blocks-gallery-item-inner\"><figure class=\"kb-gallery-figure kadence-blocks-gallery-item-hide-caption\"><div class=\"kb-gal-image-radius\"><div class=\"kb-gallery-image-contain\" ><img loading=\"lazy\" decoding=\"async\" src=\"http:\/\/gregoryayme.fr\/wp-content\/uploads\/2025\/10\/IMG-20241210-WA0014-1024x768.jpg\" width=\"1024\" height=\"768\" alt=\"\" data-full-image=\"http:\/\/gregoryayme.fr\/wp-content\/uploads\/2025\/10\/IMG-20241210-WA0014.jpg\" data-light-image=\"http:\/\/gregoryayme.fr\/wp-content\/uploads\/2025\/10\/IMG-20241210-WA0014.jpg\" data-id=\"260\" class=\"wp-image-260 skip-lazy\" srcset=\"https:\/\/gregoryayme.fr\/wp-content\/uploads\/2025\/10\/IMG-20241210-WA0014-1024x768.jpg 1024w, https:\/\/gregoryayme.fr\/wp-content\/uploads\/2025\/10\/IMG-20241210-WA0014-300x225.jpg 300w, https:\/\/gregoryayme.fr\/wp-content\/uploads\/2025\/10\/IMG-20241210-WA0014-768x576.jpg 768w, https:\/\/gregoryayme.fr\/wp-content\/uploads\/2025\/10\/IMG-20241210-WA0014-1536x1152.jpg 1536w, https:\/\/gregoryayme.fr\/wp-content\/uploads\/2025\/10\/IMG-20241210-WA0014.jpg 2048w\" sizes=\"auto, (max-width: 1024px) 100vw, 1024px\" \/><\/div><\/div><\/figure><\/div><\/div><\/li><li class=\"kb-slide-item kb-gallery-carousel-item splide__slide\"><div class=\"kadence-blocks-gallery-item\"><div class=\"kadence-blocks-gallery-item-inner\"><figure class=\"kb-gallery-figure kadence-blocks-gallery-item-hide-caption\"><div class=\"kb-gal-image-radius\"><div class=\"kb-gallery-image-contain\" ><img loading=\"lazy\" decoding=\"async\" src=\"http:\/\/gregoryayme.fr\/wp-content\/uploads\/2025\/10\/IMG-20241210-WA0060-1024x768.jpg\" width=\"1024\" height=\"768\" alt=\"\" data-full-image=\"http:\/\/gregoryayme.fr\/wp-content\/uploads\/2025\/10\/IMG-20241210-WA0060.jpg\" data-light-image=\"http:\/\/gregoryayme.fr\/wp-content\/uploads\/2025\/10\/IMG-20241210-WA0060.jpg\" data-id=\"261\" class=\"wp-image-261 skip-lazy\" srcset=\"https:\/\/gregoryayme.fr\/wp-content\/uploads\/2025\/10\/IMG-20241210-WA0060-1024x768.jpg 1024w, https:\/\/gregoryayme.fr\/wp-content\/uploads\/2025\/10\/IMG-20241210-WA0060-300x225.jpg 300w, https:\/\/gregoryayme.fr\/wp-content\/uploads\/2025\/10\/IMG-20241210-WA0060-768x576.jpg 768w, https:\/\/gregoryayme.fr\/wp-content\/uploads\/2025\/10\/IMG-20241210-WA0060-1536x1152.jpg 1536w, https:\/\/gregoryayme.fr\/wp-content\/uploads\/2025\/10\/IMG-20241210-WA0060.jpg 2000w\" sizes=\"auto, (max-width: 1024px) 100vw, 1024px\" \/><\/div><\/div><\/figure><\/div><\/div><\/li><li class=\"kb-slide-item kb-gallery-carousel-item splide__slide\"><div class=\"kadence-blocks-gallery-item\"><div class=\"kadence-blocks-gallery-item-inner\"><figure class=\"kb-gallery-figure kadence-blocks-gallery-item-hide-caption\"><div class=\"kb-gal-image-radius\"><div class=\"kb-gallery-image-contain\" ><img loading=\"lazy\" decoding=\"async\" src=\"http:\/\/gregoryayme.fr\/wp-content\/uploads\/2025\/10\/WhatsApp-Image-2025-01-05-at-20.59.13-1024x768.jpeg\" width=\"1024\" height=\"768\" alt=\"\" data-full-image=\"http:\/\/gregoryayme.fr\/wp-content\/uploads\/2025\/10\/WhatsApp-Image-2025-01-05-at-20.59.13.jpeg\" data-light-image=\"http:\/\/gregoryayme.fr\/wp-content\/uploads\/2025\/10\/WhatsApp-Image-2025-01-05-at-20.59.13.jpeg\" data-id=\"262\" class=\"wp-image-262 skip-lazy\" srcset=\"https:\/\/gregoryayme.fr\/wp-content\/uploads\/2025\/10\/WhatsApp-Image-2025-01-05-at-20.59.13-1024x768.jpeg 1024w, https:\/\/gregoryayme.fr\/wp-content\/uploads\/2025\/10\/WhatsApp-Image-2025-01-05-at-20.59.13-300x225.jpeg 300w, https:\/\/gregoryayme.fr\/wp-content\/uploads\/2025\/10\/WhatsApp-Image-2025-01-05-at-20.59.13-768x576.jpeg 768w, https:\/\/gregoryayme.fr\/wp-content\/uploads\/2025\/10\/WhatsApp-Image-2025-01-05-at-20.59.13-1536x1152.jpeg 1536w, https:\/\/gregoryayme.fr\/wp-content\/uploads\/2025\/10\/WhatsApp-Image-2025-01-05-at-20.59.13.jpeg 1600w\" sizes=\"auto, (max-width: 1024px) 100vw, 1024px\" \/><\/div><\/div><\/figure><\/div><\/div><\/li><li class=\"kb-slide-item kb-gallery-carousel-item splide__slide\"><div class=\"kadence-blocks-gallery-item\"><div class=\"kadence-blocks-gallery-item-inner\"><figure class=\"kb-gallery-figure kadence-blocks-gallery-item-hide-caption\"><div class=\"kb-gal-image-radius\"><div class=\"kb-gallery-image-contain\" ><img loading=\"lazy\" decoding=\"async\" src=\"http:\/\/gregoryayme.fr\/wp-content\/uploads\/2025\/10\/WhatsApp-Image-2025-01-05-at-20.59.47-1024x768.jpeg\" width=\"1024\" height=\"768\" alt=\"\" data-full-image=\"http:\/\/gregoryayme.fr\/wp-content\/uploads\/2025\/10\/WhatsApp-Image-2025-01-05-at-20.59.47.jpeg\" data-light-image=\"http:\/\/gregoryayme.fr\/wp-content\/uploads\/2025\/10\/WhatsApp-Image-2025-01-05-at-20.59.47.jpeg\" data-id=\"263\" class=\"wp-image-263 skip-lazy\" srcset=\"https:\/\/gregoryayme.fr\/wp-content\/uploads\/2025\/10\/WhatsApp-Image-2025-01-05-at-20.59.47-1024x768.jpeg 1024w, https:\/\/gregoryayme.fr\/wp-content\/uploads\/2025\/10\/WhatsApp-Image-2025-01-05-at-20.59.47-300x225.jpeg 300w, https:\/\/gregoryayme.fr\/wp-content\/uploads\/2025\/10\/WhatsApp-Image-2025-01-05-at-20.59.47-768x576.jpeg 768w, https:\/\/gregoryayme.fr\/wp-content\/uploads\/2025\/10\/WhatsApp-Image-2025-01-05-at-20.59.47-1536x1152.jpeg 1536w, https:\/\/gregoryayme.fr\/wp-content\/uploads\/2025\/10\/WhatsApp-Image-2025-01-05-at-20.59.47.jpeg 1600w\" sizes=\"auto, (max-width: 1024px) 100vw, 1024px\" \/><\/div><\/div><\/figure><\/div><\/div><\/li><\/ul><\/div><\/div><\/div><\/div><\/div><\/div>\n\n<\/div><\/div>","protected":false},"excerpt":{"rendered":"<p>P\u00eache DEs CARNASSIERS venez d\u00e9couvrir, des techniques D&#8217;approche vari\u00e9es du carnassier. specialis\u00e9 dans le p\u00eache au leurre du bord et en bateau vous d\u00e9couvrirez comment aborder les diff\u00e9rentes esp\u00e8ces de carnassiers (sandres, perches, brochets, silures)<\/p>\n","protected":false},"author":1,"featured_media":0,"parent":0,"menu_order":0,"comment_status":"closed","ping_status":"closed","template":"","meta":{"_kadence_starter_templates_imported_post":false,"_kad_post_transparent":"","_kad_post_title":"","_kad_post_layout":"","_kad_post_sidebar_id":"","_kad_post_content_style":"","_kad_post_vertical_padding":"","_kad_post_feature":"","_kad_post_feature_position":"","_kad_post_header":false,"_kad_post_footer":false,"_kad_post_classname":"","footnotes":""},"class_list":["post-34","page","type-page","status-publish","hentry"],"_links":{"self":[{"href":"https:\/\/gregoryayme.fr\/index.php?rest_route=\/wp\/v2\/pages\/34","targetHints":{"allow":["GET"]}}],"collection":[{"href":"https:\/\/gregoryayme.fr\/index.php?rest_route=\/wp\/v2\/pages"}],"about":[{"href":"https:\/\/gregoryayme.fr\/index.php?rest_route=\/wp\/v2\/types\/page"}],"author":[{"embeddable":true,"href":"https:\/\/gregoryayme.fr\/index.php?rest_route=\/wp\/v2\/users\/1"}],"replies":[{"embeddable":true,"href":"https:\/\/gregoryayme.fr\/index.php?rest_route=%2Fwp%2Fv2%2Fcomments&post=34"}],"version-history":[{"count":14,"href":"https:\/\/gregoryayme.fr\/index.php?rest_route=\/wp\/v2\/pages\/34\/revisions"}],"predecessor-version":[{"id":286,"href":"https:\/\/gregoryayme.fr\/index.php?rest_route=\/wp\/v2\/pages\/34\/revisions\/286"}],"wp:attachment":[{"href":"https:\/\/gregoryayme.fr\/index.php?rest_route=%2Fwp%2Fv2%2Fmedia&parent=34"}],"curies":[{"name":"wp","href":"https:\/\/api.w.org\/{rel}","templated":true}]}}